{"id":41648,"date":"2025-10-20T01:50:37","date_gmt":"2025-10-20T01:50:37","guid":{"rendered":"https:\/\/saintfrancisbrace.com\/temoignage-orthese-teos\/"},"modified":"2025-10-20T01:57:45","modified_gmt":"2025-10-20T01:57:45","slug":"teos-brace-testimonial","status":"publish","type":"page","link":"https:\/\/saintfrancisbrace.com\/en\/teos-brace-testimonial\/","title":{"rendered":"Andr\u00e9e&#8217;s Testimonial"},"content":{"rendered":"\t\t<div data-elementor-type=\"wp-page\" data-elementor-id=\"41648\" class=\"elementor elementor-41648 elementor-41631\" data-elementor-post-type=\"page\">\n\t\t\t\t\t\t<section class=\"elementor-section elementor-top-section elementor-element elementor-element-79ba38e scheme_light elementor-section-boxed elementor-section-height-default elementor-section-height-default sc_fly_static\" data-id=\"79ba38e\" data-element_type=\"section\" data-e-type=\"section\" data-settings=\"{&quot;background_background&quot;:&quot;classic&quot;}\">\n\t\t\t\t\t\t<div class=\"elementor-container elementor-column-gap-extended\">\n\t\t\t\t\t<div class=\"elementor-column elementor-col-100 elementor-top-column elementor-element elementor-element-cfb7198 sc_content_align_inherit sc_layouts_column_icons_position_left sc_fly_static\" data-id=\"cfb7198\" data-element_type=\"column\" data-e-type=\"column\">\n\t\t\t<div class=\"elementor-widget-wrap elementor-element-populated\">\n\t\t\t\t\t\t<div class=\"elementor-element elementor-element-cf8a04f sc_height_medium sc_fly_static elementor-widget elementor-widget-spacer\" data-id=\"cf8a04f\" data-element_type=\"widget\" data-e-type=\"widget\" data-widget_type=\"spacer.default\">\n\t\t\t\t<div class=\"elementor-widget-container\">\n\t\t\t\t\t\t\t<div class=\"elementor-spacer\">\n\t\t\t<div class=\"elementor-spacer-inner\"><\/div>\n\t\t<\/div>\n\t\t\t\t\t\t<\/div>\n\t\t\t\t<\/div>\n\t\t\t\t<section class=\"elementor-section elementor-inner-section elementor-element elementor-element-62c306c elementor-section-boxed elementor-section-height-default elementor-section-height-default sc_fly_static\" data-id=\"62c306c\" data-element_type=\"section\" data-e-type=\"section\">\n\t\t\t\t\t\t<div class=\"elementor-container elementor-column-gap-no\">\n\t\t\t\t\t<div class=\"elementor-column elementor-col-50 elementor-inner-column elementor-element elementor-element-4781f3d sc_content_align_inherit sc_layouts_column_icons_position_left sc_fly_static\" data-id=\"4781f3d\" data-element_type=\"column\" data-e-type=\"column\">\n\t\t\t<div class=\"elementor-widget-wrap elementor-element-populated\">\n\t\t\t\t\t\t<div class=\"elementor-element elementor-element-bea7dea sc_fly_static elementor-widget elementor-widget-trx_sc_title\" data-id=\"bea7dea\" data-element_type=\"widget\" data-e-type=\"widget\" data-widget_type=\"trx_sc_title.default\">\n\t\t\t\t<div class=\"elementor-widget-container\">\n\t\t\t\t\t<div\t\tclass=\"sc_title sc_title_default\" ><h2 class=\"sc_item_title sc_title_title sc_item_title_style_default sc_item_title_tag trx_addons_inline_754213356\"\n\t\t\t><span class=\"sc_item_title_text\">How the TEOS<sup class=\"trademark\">TM<\/sup> Lumbar Brace Transformed Andr\u00e9e's Daily Life\n<\/span><\/h2><\/div>\t\t\t\t<\/div>\n\t\t\t\t<\/div>\n\t\t\t\t<div class=\"elementor-element elementor-element-b88a0a6 sc_fly_static elementor-widget elementor-widget-text-editor\" data-id=\"b88a0a6\" data-element_type=\"widget\" data-e-type=\"widget\" data-widget_type=\"text-editor.default\">\n\t\t\t\t<div class=\"elementor-widget-container\">\n\t\t\t\t\t\t\t\t\t<p><strong>A Life Marked by Pain<\/strong><\/p><p class=\"whitespace-normal break-words\">Working with back pain can turn an ordinary day into a real challenge. For Andr\u00e9e, every movement was a constant reminder of discomfort. Diagnosed with Scheuermann&#8217;s disease, a spinal deformity that went undetected during her growth, she lived for years with persistent pain, investing time and money in various treatments and physiotherapy sessions.<\/p><p class=\"whitespace-normal break-words\">&#8220;Even my personal life was affected by this condition: I didn&#8217;t have a fourth child, knowing my spine wouldn&#8217;t withstand another pregnancy.&#8221;<\/p><p class=\"whitespace-normal break-words\"><strong>Regaining Support and Freedom of Movement<\/strong><\/p><p class=\"whitespace-normal break-words\">Thanks to her TEOS\u1d39\u1d30 lumbar brace, Andr\u00e9e has found a level of support and freedom of movement she had never experienced before.<\/p><p class=\"whitespace-normal break-words\">&#8220;With TEOS, I&#8217;ve discovered a natural posture and comfort I never knew before. The brace gives me incredible support at the hip and lower back level\u2014I feel straight and free in my movements.&#8221;<\/p><p class=\"whitespace-normal break-words\">TEOS allows her to complete all her tasks, even lifting heavy loads (40 to 50 lbs), without excessive fatigue or pain.<\/p><p class=\"whitespace-normal break-words\"><strong>Improved Posture and Less Fatigue<\/strong><\/p><p class=\"whitespace-normal break-words\">The brace has improved her posture and quality of life on a daily basis. Her colleagues notice that she walks straighter and less hunched forward. Even after an intense workday, followed by a 1h15 car ride, she arrives home standing tall and proud, far from the fatigue and pain that used to weigh her down.<\/p><p class=\"whitespace-normal break-words\">&#8220;Before, I&#8217;d get out of my car all hunched over. Now, I step out like a rooster\u2014proud and straight.&#8221;<\/p><p class=\"whitespace-normal break-words\"><strong>An Essential Tool to Keep Working<\/strong><\/p><p class=\"whitespace-normal break-words\">For Andr\u00e9e, TEOS is more than just support: it&#8217;s the key that allows her to continue doing her job.<\/p><p class=\"whitespace-normal break-words\">&#8220;If I didn&#8217;t have my brace, I couldn&#8217;t keep working. That&#8217;s for sure!&#8221;<\/p><p class=\"whitespace-normal break-words\">She considers her brace a minimal investment compared to the years of care she&#8217;s received. It&#8217;s a constant support that gives her back confidence, independence, and comfort.<\/p><p class=\"whitespace-normal break-words\"><strong>An Inspiring Recommendation<\/strong><\/p><p class=\"whitespace-normal break-words\">Andr\u00e9e recommends TEOS to anyone dealing with lower back pain:<\/p><p class=\"whitespace-normal break-words\">&#8220;Anyone who tries it will buy it. It completely changes your day. You go to bed at night less tired, less in pain.&#8221;<\/p><p class=\"whitespace-normal break-words\">Her testimonial reminds us that even after years of chronic pain, the right support can transform both professional and personal life.<\/p>\t\t\t\t\t\t\t\t<\/div>\n\t\t\t\t<\/div>\n\t\t\t\t\t<\/div>\n\t\t<\/div>\n\t\t\t\t<div class=\"elementor-column elementor-col-50 elementor-inner-column elementor-element elementor-element-9e74bcd sc_column_fixed sc_content_align_inherit sc_layouts_column_icons_position_left sc_fly_static\" data-id=\"9e74bcd\" data-element_type=\"column\" data-e-type=\"column\">\n\t\t\t<div class=\"elementor-widget-wrap elementor-element-populated\">\n\t\t\t\t\t\t<div class=\"elementor-element elementor-element-b8ce426 sc_fly_static elementor-widget elementor-widget-video\" data-id=\"b8ce426\" data-element_type=\"widget\" data-e-type=\"widget\" data-settings=\"{&quot;video_type&quot;:&quot;vimeo&quot;}\" data-widget_type=\"video.default\">\n\t\t\t\t<div class=\"elementor-widget-container\">\n\t\t\t\t\t\t\t<div class=\"elementor-wrapper elementor-open-inline\">\n\t\t\t<iframe class=\"elementor-video-iframe\" allowfullscreen allow=\"clipboard-write\" title=\"vimeo Video Player\" src=\"https:\/\/player.vimeo.com\/video\/1128715949?color&amp;autopause=0&amp;loop=0&amp;muted=0&amp;title=1&amp;portrait=1&amp;byline=1#t=\"><\/iframe>\t\t<\/div>\n\t\t\t\t\t\t<\/div>\n\t\t\t\t<\/div>\n\t\t\t\t\t<\/div>\n\t\t<\/div>\n\t\t\t\t\t<\/div>\n\t\t<\/section>\n\t\t\t\t<div class=\"elementor-element elementor-element-2515a44 sc_height_medium sc_fly_static elementor-widget elementor-widget-spacer\" data-id=\"2515a44\" data-element_type=\"widget\" data-e-type=\"widget\" data-widget_type=\"spacer.default\">\n\t\t\t\t<div class=\"elementor-widget-container\">\n\t\t\t\t\t\t\t<div class=\"elementor-spacer\">\n\t\t\t<div class=\"elementor-spacer-inner\"><\/div>\n\t\t<\/div>\n\t\t\t\t\t\t<\/div>\n\t\t\t\t<\/div>\n\t\t\t\t\t<\/div>\n\t\t<\/div>\n\t\t\t\t\t<\/div>\n\t\t<\/section>\n\t\t\t\t<\/div>\n\t\t","protected":false},"excerpt":{"rendered":"<p>Prot\u00e9gez votre dos pendant vos activit\u00e9s physiques et pr\u00e9venez les blessures avant qu&#8217;elles n&#8217;apparaissent.<\/p>\n","protected":false},"author":1,"featured_media":40801,"parent":0,"menu_order":0,"comment_status":"closed","ping_status":"closed","template":"","meta":{"_coblocks_attr":"","_coblocks_dimensions":"","_coblocks_responsive_height":"","_coblocks_accordion_ie_support":"","footnotes":""},"class_list":["post-41648","page","type-page","status-publish","has-post-thumbnail","hentry"],"yoast_head":"<!-- This site is optimized with the Yoast SEO plugin v27.4 - https:\/\/yoast.com\/product\/yoast-seo-wordpress\/ -->\n<title>TEOS: Andr\u00e9e&#039;s Testimonial on Her Daily Life Transformation<\/title>\n<meta name=\"description\" content=\"Discover how the TEOS lumbar brace helped Andr\u00e9e regain comfort and mobility despite chronic pain. An inspiring testimonial about real results.\" \/>\n<meta name=\"robots\" content=\"index, follow, max-snippet:-1, max-image-preview:large, max-video-preview:-1\" \/>\n<link rel=\"canonical\" href=\"https:\/\/saintfrancisbrace.com\/en\/teos-brace-testimonial\/\" \/>\n<meta property=\"og:locale\" content=\"en_US\" \/>\n<meta property=\"og:type\" content=\"article\" \/>\n<meta property=\"og:title\" content=\"TEOS: Andr\u00e9e&#039;s Testimonial on Her Daily Life Transformation\" \/>\n<meta property=\"og:description\" content=\"Discover how the TEOS lumbar brace helped Andr\u00e9e regain comfort and mobility despite chronic pain. An inspiring testimonial about real results.\" \/>\n<meta property=\"og:url\" content=\"https:\/\/saintfrancisbrace.com\/en\/teos-brace-testimonial\/\" \/>\n<meta property=\"og:site_name\" content=\"Corset Saint-francis\" \/>\n<meta property=\"article:publisher\" content=\"https:\/\/www.facebook.com\/profile.php?id=61555168457120\" \/>\n<meta property=\"article:modified_time\" content=\"2025-10-20T01:57:45+00:00\" \/>\n<meta property=\"og:image\" content=\"https:\/\/saintfrancisbrace.com\/wp-content\/uploads\/2025\/04\/cropped-CSF-icon.png\" \/>\n\t<meta property=\"og:image:width\" content=\"512\" \/>\n\t<meta property=\"og:image:height\" content=\"512\" \/>\n\t<meta property=\"og:image:type\" content=\"image\/png\" \/>\n<meta name=\"twitter:card\" content=\"summary_large_image\" \/>\n<meta name=\"twitter:label1\" content=\"Est. reading time\" \/>\n\t<meta name=\"twitter:data1\" content=\"2 minutes\" \/>\n<script type=\"application\/ld+json\" class=\"yoast-schema-graph\">{\"@context\":\"https:\\\/\\\/schema.org\",\"@graph\":[{\"@type\":\"WebPage\",\"@id\":\"https:\\\/\\\/saintfrancisbrace.com\\\/en\\\/teos-brace-testimonial\\\/\",\"url\":\"https:\\\/\\\/saintfrancisbrace.com\\\/en\\\/teos-brace-testimonial\\\/\",\"name\":\"TEOS: Andr\u00e9e's Testimonial on Her Daily Life Transformation\",\"isPartOf\":{\"@id\":\"https:\\\/\\\/saintfrancisbrace.com\\\/en\\\/#website\"},\"primaryImageOfPage\":{\"@id\":\"https:\\\/\\\/saintfrancisbrace.com\\\/en\\\/teos-brace-testimonial\\\/#primaryimage\"},\"image\":{\"@id\":\"https:\\\/\\\/saintfrancisbrace.com\\\/en\\\/teos-brace-testimonial\\\/#primaryimage\"},\"thumbnailUrl\":\"https:\\\/\\\/saintfrancisbrace.com\\\/wp-content\\\/uploads\\\/2025\\\/04\\\/cropped-CSF-icon.png\",\"datePublished\":\"2025-10-20T01:50:37+00:00\",\"dateModified\":\"2025-10-20T01:57:45+00:00\",\"description\":\"Discover how the TEOS lumbar brace helped Andr\u00e9e regain comfort and mobility despite chronic pain. An inspiring testimonial about real results.\",\"breadcrumb\":{\"@id\":\"https:\\\/\\\/saintfrancisbrace.com\\\/en\\\/teos-brace-testimonial\\\/#breadcrumb\"},\"inLanguage\":\"en-US\",\"potentialAction\":[{\"@type\":\"ReadAction\",\"target\":[\"https:\\\/\\\/saintfrancisbrace.com\\\/en\\\/teos-brace-testimonial\\\/\"]}]},{\"@type\":\"ImageObject\",\"inLanguage\":\"en-US\",\"@id\":\"https:\\\/\\\/saintfrancisbrace.com\\\/en\\\/teos-brace-testimonial\\\/#primaryimage\",\"url\":\"https:\\\/\\\/saintfrancisbrace.com\\\/wp-content\\\/uploads\\\/2025\\\/04\\\/cropped-CSF-icon.png\",\"contentUrl\":\"https:\\\/\\\/saintfrancisbrace.com\\\/wp-content\\\/uploads\\\/2025\\\/04\\\/cropped-CSF-icon.png\",\"width\":512,\"height\":512},{\"@type\":\"BreadcrumbList\",\"@id\":\"https:\\\/\\\/saintfrancisbrace.com\\\/en\\\/teos-brace-testimonial\\\/#breadcrumb\",\"itemListElement\":[{\"@type\":\"ListItem\",\"position\":1,\"name\":\"Home\",\"item\":\"https:\\\/\\\/saintfrancisbrace.com\\\/en\\\/\"},{\"@type\":\"ListItem\",\"position\":2,\"name\":\"Andr\u00e9e&#8217;s Testimonial\"}]},{\"@type\":\"WebSite\",\"@id\":\"https:\\\/\\\/saintfrancisbrace.com\\\/en\\\/#website\",\"url\":\"https:\\\/\\\/saintfrancisbrace.com\\\/en\\\/\",\"name\":\"TEOS\",\"description\":\"\",\"publisher\":{\"@id\":\"https:\\\/\\\/saintfrancisbrace.com\\\/en\\\/#organization\"},\"potentialAction\":[{\"@type\":\"SearchAction\",\"target\":{\"@type\":\"EntryPoint\",\"urlTemplate\":\"https:\\\/\\\/saintfrancisbrace.com\\\/en\\\/?s={search_term_string}\"},\"query-input\":{\"@type\":\"PropertyValueSpecification\",\"valueRequired\":true,\"valueName\":\"search_term_string\"}}],\"inLanguage\":\"en-US\"},{\"@type\":\"Organization\",\"@id\":\"https:\\\/\\\/saintfrancisbrace.com\\\/en\\\/#organization\",\"name\":\"TEOS\",\"url\":\"https:\\\/\\\/saintfrancisbrace.com\\\/en\\\/\",\"logo\":{\"@type\":\"ImageObject\",\"inLanguage\":\"en-US\",\"@id\":\"https:\\\/\\\/saintfrancisbrace.com\\\/en\\\/#\\\/schema\\\/logo\\\/image\\\/\",\"url\":\"https:\\\/\\\/saintfrancisbrace.com\\\/wp-content\\\/uploads\\\/2025\\\/03\\\/CSF-logo.png\",\"contentUrl\":\"https:\\\/\\\/saintfrancisbrace.com\\\/wp-content\\\/uploads\\\/2025\\\/03\\\/CSF-logo.png\",\"width\":1200,\"height\":430,\"caption\":\"TEOS\"},\"image\":{\"@id\":\"https:\\\/\\\/saintfrancisbrace.com\\\/en\\\/#\\\/schema\\\/logo\\\/image\\\/\"},\"sameAs\":[\"https:\\\/\\\/www.facebook.com\\\/profile.php?id=61555168457120\",\"https:\\\/\\\/www.linkedin.com\\\/company\\\/corset-st-francis\\\/\"]}]}<\/script>\n<!-- \/ Yoast SEO plugin. -->","yoast_head_json":{"title":"TEOS: Andr\u00e9e's Testimonial on Her Daily Life Transformation","description":"Discover how the TEOS lumbar brace helped Andr\u00e9e regain comfort and mobility despite chronic pain. An inspiring testimonial about real results.","robots":{"index":"index","follow":"follow","max-snippet":"max-snippet:-1","max-image-preview":"max-image-preview:large","max-video-preview":"max-video-preview:-1"},"canonical":"https:\/\/saintfrancisbrace.com\/en\/teos-brace-testimonial\/","og_locale":"en_US","og_type":"article","og_title":"TEOS: Andr\u00e9e's Testimonial on Her Daily Life Transformation","og_description":"Discover how the TEOS lumbar brace helped Andr\u00e9e regain comfort and mobility despite chronic pain. An inspiring testimonial about real results.","og_url":"https:\/\/saintfrancisbrace.com\/en\/teos-brace-testimonial\/","og_site_name":"Corset Saint-francis","article_publisher":"https:\/\/www.facebook.com\/profile.php?id=61555168457120","article_modified_time":"2025-10-20T01:57:45+00:00","og_image":[{"width":512,"height":512,"url":"https:\/\/saintfrancisbrace.com\/wp-content\/uploads\/2025\/04\/cropped-CSF-icon.png","type":"image\/png"}],"twitter_card":"summary_large_image","twitter_misc":{"Est. reading time":"2 minutes"},"schema":{"@context":"https:\/\/schema.org","@graph":[{"@type":"WebPage","@id":"https:\/\/saintfrancisbrace.com\/en\/teos-brace-testimonial\/","url":"https:\/\/saintfrancisbrace.com\/en\/teos-brace-testimonial\/","name":"TEOS: Andr\u00e9e's Testimonial on Her Daily Life Transformation","isPartOf":{"@id":"https:\/\/saintfrancisbrace.com\/en\/#website"},"primaryImageOfPage":{"@id":"https:\/\/saintfrancisbrace.com\/en\/teos-brace-testimonial\/#primaryimage"},"image":{"@id":"https:\/\/saintfrancisbrace.com\/en\/teos-brace-testimonial\/#primaryimage"},"thumbnailUrl":"https:\/\/saintfrancisbrace.com\/wp-content\/uploads\/2025\/04\/cropped-CSF-icon.png","datePublished":"2025-10-20T01:50:37+00:00","dateModified":"2025-10-20T01:57:45+00:00","description":"Discover how the TEOS lumbar brace helped Andr\u00e9e regain comfort and mobility despite chronic pain. An inspiring testimonial about real results.","breadcrumb":{"@id":"https:\/\/saintfrancisbrace.com\/en\/teos-brace-testimonial\/#breadcrumb"},"inLanguage":"en-US","potentialAction":[{"@type":"ReadAction","target":["https:\/\/saintfrancisbrace.com\/en\/teos-brace-testimonial\/"]}]},{"@type":"ImageObject","inLanguage":"en-US","@id":"https:\/\/saintfrancisbrace.com\/en\/teos-brace-testimonial\/#primaryimage","url":"https:\/\/saintfrancisbrace.com\/wp-content\/uploads\/2025\/04\/cropped-CSF-icon.png","contentUrl":"https:\/\/saintfrancisbrace.com\/wp-content\/uploads\/2025\/04\/cropped-CSF-icon.png","width":512,"height":512},{"@type":"BreadcrumbList","@id":"https:\/\/saintfrancisbrace.com\/en\/teos-brace-testimonial\/#breadcrumb","itemListElement":[{"@type":"ListItem","position":1,"name":"Home","item":"https:\/\/saintfrancisbrace.com\/en\/"},{"@type":"ListItem","position":2,"name":"Andr\u00e9e&#8217;s Testimonial"}]},{"@type":"WebSite","@id":"https:\/\/saintfrancisbrace.com\/en\/#website","url":"https:\/\/saintfrancisbrace.com\/en\/","name":"TEOS","description":"","publisher":{"@id":"https:\/\/saintfrancisbrace.com\/en\/#organization"},"potentialAction":[{"@type":"SearchAction","target":{"@type":"EntryPoint","urlTemplate":"https:\/\/saintfrancisbrace.com\/en\/?s={search_term_string}"},"query-input":{"@type":"PropertyValueSpecification","valueRequired":true,"valueName":"search_term_string"}}],"inLanguage":"en-US"},{"@type":"Organization","@id":"https:\/\/saintfrancisbrace.com\/en\/#organization","name":"TEOS","url":"https:\/\/saintfrancisbrace.com\/en\/","logo":{"@type":"ImageObject","inLanguage":"en-US","@id":"https:\/\/saintfrancisbrace.com\/en\/#\/schema\/logo\/image\/","url":"https:\/\/saintfrancisbrace.com\/wp-content\/uploads\/2025\/03\/CSF-logo.png","contentUrl":"https:\/\/saintfrancisbrace.com\/wp-content\/uploads\/2025\/03\/CSF-logo.png","width":1200,"height":430,"caption":"TEOS"},"image":{"@id":"https:\/\/saintfrancisbrace.com\/en\/#\/schema\/logo\/image\/"},"sameAs":["https:\/\/www.facebook.com\/profile.php?id=61555168457120","https:\/\/www.linkedin.com\/company\/corset-st-francis\/"]}]}},"_links":{"self":[{"href":"https:\/\/saintfrancisbrace.com\/en\/wp-json\/wp\/v2\/pages\/41648","targetHints":{"allow":["GET"]}}],"collection":[{"href":"https:\/\/saintfrancisbrace.com\/en\/wp-json\/wp\/v2\/pages"}],"about":[{"href":"https:\/\/saintfrancisbrace.com\/en\/wp-json\/wp\/v2\/types\/page"}],"author":[{"embeddable":true,"href":"https:\/\/saintfrancisbrace.com\/en\/wp-json\/wp\/v2\/users\/1"}],"replies":[{"embeddable":true,"href":"https:\/\/saintfrancisbrace.com\/en\/wp-json\/wp\/v2\/comments?post=41648"}],"version-history":[{"count":5,"href":"https:\/\/saintfrancisbrace.com\/en\/wp-json\/wp\/v2\/pages\/41648\/revisions"}],"predecessor-version":[{"id":41653,"href":"https:\/\/saintfrancisbrace.com\/en\/wp-json\/wp\/v2\/pages\/41648\/revisions\/41653"}],"wp:featuredmedia":[{"embeddable":true,"href":"https:\/\/saintfrancisbrace.com\/en\/wp-json\/wp\/v2\/media\/40801"}],"wp:attachment":[{"href":"https:\/\/saintfrancisbrace.com\/en\/wp-json\/wp\/v2\/media?parent=41648"}],"curies":[{"name":"wp","href":"https:\/\/api.w.org\/{rel}","templated":true}]}}